{"id":525,"date":"2025-09-03T15:06:50","date_gmt":"2025-09-03T13:06:50","guid":{"rendered":"https:\/\/favemanc.pl\/?page_id=525"},"modified":"2025-09-23T11:45:52","modified_gmt":"2025-09-23T09:45:52","slug":"doradztwo-techniczne-favemanc-projekty-fasad-i-wsparcie","status":"publish","type":"page","link":"https:\/\/favemanc.pl\/en\/doradztwo-techniczne-favemanc-projekty-fasad-i-wsparcie\/","title":{"rendered":"Consultancy"},"content":{"rendered":"<div data-elementor-type=\"wp-page\" data-elementor-id=\"525\" class=\"elementor elementor-525\" data-elementor-post-type=\"page\">\n\t\t\t\t<div class=\"elementor-element elementor-element-edb4ea2 e-flex e-con-boxed e-con e-parent\" data-id=\"edb4ea2\" data-element_type=\"container\" data-settings=\"{&quot;background_background&quot;:&quot;classic&quot;}\">\n\t\t\t\t\t<div class=\"e-con-inner\">\n\t\t\t\t<div class=\"elementor-element elementor-element-7589364 elementor-widget elementor-widget-heading\" data-id=\"7589364\" data-element_type=\"widget\" data-widget_type=\"heading.default\">\n\t\t\t\t\t<h2 class=\"elementor-heading-title elementor-size-default\">Ventilated facades<\/h2>\t\t\t\t<\/div>\n\t\t\t\t<div class=\"elementor-element elementor-element-50f37b9 elementor-widget elementor-widget-heading\" data-id=\"50f37b9\" data-element_type=\"widget\" data-widget_type=\"heading.default\">\n\t\t\t\t\t<h1 class=\"elementor-heading-title elementor-size-default\">TECHNICAL CONSULTING<\/h1>\t\t\t\t<\/div>\n\t\t\t\t\t<\/div>\n\t\t\t\t<\/div>\n\t\t<div class=\"elementor-element elementor-element-4c756a6 e-flex e-con-boxed e-con e-parent\" data-id=\"4c756a6\" data-element_type=\"container\" data-settings=\"{&quot;background_background&quot;:&quot;classic&quot;,&quot;sticky&quot;:&quot;top&quot;,&quot;sticky_offset_mobile&quot;:70,&quot;sticky_effects_offset_mobile&quot;:370,&quot;sticky_offset&quot;:100,&quot;sticky_parent&quot;:&quot;yes&quot;,&quot;sticky_offset_mobile_extra&quot;:75,&quot;sticky_on&quot;:[&quot;desktop&quot;,&quot;laptop&quot;],&quot;sticky_effects_offset&quot;:0,&quot;sticky_anchor_link_offset&quot;:0}\">\n\t\t\t\t\t<div class=\"e-con-inner\">\n\t\t\t\t<div class=\"elementor-element elementor-element-820eb01 e-n-menu-none e-full_width e-n-menu-layout-horizontal elementor-widget elementor-widget-n-menu\" data-id=\"820eb01\" data-element_type=\"widget\" data-settings=\"{&quot;menu_items&quot;:[{&quot;item_title&quot;:&quot;CHARAKTERYSTYKA&quot;,&quot;_id&quot;:&quot;296a8b6&quot;,&quot;item_dropdown_content&quot;:&quot;&quot;,&quot;item_link&quot;:{&quot;url&quot;:&quot;#CHARAKTER&quot;,&quot;is_external&quot;:&quot;&quot;,&quot;nofollow&quot;:&quot;&quot;,&quot;custom_attributes&quot;:&quot;&quot;},&quot;item_icon&quot;:{&quot;value&quot;:&quot;&quot;,&quot;library&quot;:&quot;&quot;},&quot;item_icon_active&quot;:null,&quot;element_id&quot;:&quot;&quot;},{&quot;item_title&quot;:&quot;RADA&quot;,&quot;_id&quot;:&quot;0ce885f&quot;,&quot;item_link&quot;:{&quot;url&quot;:&quot;#RADA&quot;,&quot;is_external&quot;:&quot;&quot;,&quot;nofollow&quot;:&quot;&quot;,&quot;custom_attributes&quot;:&quot;&quot;},&quot;item_dropdown_content&quot;:&quot;no&quot;,&quot;item_icon&quot;:{&quot;value&quot;:&quot;&quot;,&quot;library&quot;:&quot;&quot;},&quot;item_icon_active&quot;:null,&quot;element_id&quot;:&quot;&quot;},{&quot;item_title&quot;:&quot;DORADZTWO&quot;,&quot;_id&quot;:&quot;6f65fa9&quot;,&quot;item_link&quot;:{&quot;url&quot;:&quot;#DORADZTWO&quot;,&quot;is_external&quot;:&quot;&quot;,&quot;nofollow&quot;:&quot;&quot;,&quot;custom_attributes&quot;:&quot;&quot;},&quot;item_dropdown_content&quot;:&quot;no&quot;,&quot;item_icon&quot;:{&quot;value&quot;:&quot;&quot;,&quot;library&quot;:&quot;&quot;},&quot;item_icon_active&quot;:null,&quot;element_id&quot;:&quot;&quot;},{&quot;item_title&quot;:&quot;POMOC&quot;,&quot;_id&quot;:&quot;fb67fe8&quot;,&quot;item_link&quot;:{&quot;url&quot;:&quot;#POMOC&quot;,&quot;is_external&quot;:&quot;&quot;,&quot;nofollow&quot;:&quot;&quot;,&quot;custom_attributes&quot;:&quot;&quot;},&quot;item_dropdown_content&quot;:&quot;no&quot;,&quot;item_icon&quot;:{&quot;value&quot;:&quot;&quot;,&quot;library&quot;:&quot;&quot;},&quot;item_icon_active&quot;:null,&quot;element_id&quot;:&quot;&quot;}],&quot;item_position_horizontal&quot;:&quot;stretch&quot;,&quot;horizontal_scroll&quot;:&quot;enable&quot;,&quot;breakpoint_selector&quot;:&quot;none&quot;,&quot;content_width&quot;:&quot;full_width&quot;,&quot;item_layout&quot;:&quot;horizontal&quot;,&quot;open_on&quot;:&quot;hover&quot;,&quot;menu_item_title_distance_from_content&quot;:{&quot;unit&quot;:&quot;px&quot;,&quot;size&quot;:0,&quot;sizes&quot;:[]},&quot;menu_item_title_distance_from_content_laptop&quot;:{&quot;unit&quot;:&quot;px&quot;,&quot;size&quot;:&quot;&quot;,&quot;sizes&quot;:[]},&quot;menu_item_title_distance_from_content_tablet_extra&quot;:{&quot;unit&quot;:&quot;px&quot;,&quot;size&quot;:&quot;&quot;,&quot;sizes&quot;:[]},&quot;menu_item_title_distance_from_content_tablet&quot;:{&quot;unit&quot;:&quot;px&quot;,&quot;size&quot;:&quot;&quot;,&quot;sizes&quot;:[]},&quot;menu_item_title_distance_from_content_mobile_extra&quot;:{&quot;unit&quot;:&quot;px&quot;,&quot;size&quot;:&quot;&quot;,&quot;sizes&quot;:[]},&quot;menu_item_title_distance_from_content_mobile&quot;:{&quot;unit&quot;:&quot;px&quot;,&quot;size&quot;:&quot;&quot;,&quot;sizes&quot;:[]}}\" data-widget_type=\"mega-menu.default\">\n\t\t\t\t\t\t\t<nav class=\"e-n-menu\" data-widget-number=\"136\" aria-label=\"Menu\">\r\n\t\t\t\t\t<button class=\"e-n-menu-toggle\" id=\"menu-toggle-136\" aria-haspopup=\"true\" aria-expanded=\"false\" aria-controls=\"menubar-136\" aria-label=\"Menu Toggle\">\r\n\t\t\t<span class=\"e-n-menu-toggle-icon e-open\">\r\n\t\t\t\t<svg class=\"e-font-icon-svg e-eicon-menu-bar\" viewbox=\"0 0 1000 1000\" xmlns=\"http:\/\/www.w3.org\/2000\/svg\"><path d=\"M104 333H896C929 333 958 304 958 271S929 208 896 208H104C71 208 42 237 42 271S71 333 104 333ZM104 583H896C929 583 958 554 958 521S929 458 896 458H104C71 458 42 487 42 521S71 583 104 583ZM104 833H896C929 833 958 804 958 771S929 708 896 708H104C71 708 42 737 42 771S71 833 104 833Z\"><\/path><\/svg>\t\t\t<\/span>\r\n\t\t\t<span class=\"e-n-menu-toggle-icon e-close\">\r\n\t\t\t\t<svg class=\"e-font-icon-svg e-eicon-close\" viewbox=\"0 0 1000 1000\" xmlns=\"http:\/\/www.w3.org\/2000\/svg\"><path d=\"M742 167L500 408 258 167C246 154 233 150 217 150 196 150 179 158 167 167 154 179 150 196 150 212 150 229 154 242 171 254L408 500 167 742C138 771 138 800 167 829 196 858 225 858 254 829L496 587 738 829C750 842 767 846 783 846 800 846 817 842 829 829 842 817 846 804 846 783 846 767 842 750 829 737L588 500 833 258C863 229 863 200 833 171 804 137 775 137 742 167Z\"><\/path><\/svg>\t\t\t<\/span>\r\n\t\t<\/button>\r\n\t\t\t\t\t<div class=\"e-n-menu-wrapper\" id=\"menubar-136\" aria-labelledby=\"menu-toggle-136\">\r\n\t\t\t\t<ul class=\"e-n-menu-heading\">\r\n\t\t\t\t\t\t\t\t<li class=\"e-n-menu-item\">\r\n\t\t\t\t<div id=\"e-n-menu-title-1361\" class=\"e-n-menu-title e-anchor\">\r\n\t\t\t\t\t<a class=\"e-n-menu-title-container e-focus e-link\" href=\"#CHARAKTER\" aria-current=\"page\">\t\t\t\t\t\t\t\t\t\t\t\t<span class=\"e-n-menu-title-text\">\r\n\t\t\t\t\t\t\tCHARACTERISTIC\t\t\t\t\t\t<\/span>\r\n\t\t\t\t\t<\/a>\t\t\t\t\t\t\t\t\t<\/div>\r\n\t\t\t\t\t\t\t<\/li>\r\n\t\t\t\t\t<li class=\"e-n-menu-item\">\r\n\t\t\t\t<div id=\"e-n-menu-title-1362\" class=\"e-n-menu-title e-anchor\">\r\n\t\t\t\t\t<a class=\"e-n-menu-title-container e-focus e-link\" href=\"#RADA\" aria-current=\"page\">\t\t\t\t\t\t\t\t\t\t\t\t<span class=\"e-n-menu-title-text\">\r\n\t\t\t\t\t\t\tADVICE\t\t\t\t\t\t<\/span>\r\n\t\t\t\t\t<\/a>\t\t\t\t\t\t\t\t\t<\/div>\r\n\t\t\t\t\t\t\t<\/li>\r\n\t\t\t\t\t<li class=\"e-n-menu-item\">\r\n\t\t\t\t<div id=\"e-n-menu-title-1363\" class=\"e-n-menu-title e-anchor\">\r\n\t\t\t\t\t<a class=\"e-n-menu-title-container e-focus e-link\" href=\"#DORADZTWO\" aria-current=\"page\">\t\t\t\t\t\t\t\t\t\t\t\t<span class=\"e-n-menu-title-text\">\r\n\t\t\t\t\t\t\tADVICE\t\t\t\t\t\t<\/span>\r\n\t\t\t\t\t<\/a>\t\t\t\t\t\t\t\t\t<\/div>\r\n\t\t\t\t\t\t\t<\/li>\r\n\t\t\t\t\t<li class=\"e-n-menu-item\">\r\n\t\t\t\t<div id=\"e-n-menu-title-1364\" class=\"e-n-menu-title e-anchor\">\r\n\t\t\t\t\t<a class=\"e-n-menu-title-container e-focus e-link\" href=\"#POMOC\" aria-current=\"page\">\t\t\t\t\t\t\t\t\t\t\t\t<span class=\"e-n-menu-title-text\">\r\n\t\t\t\t\t\t\tASSISTANCE\t\t\t\t\t\t<\/span>\r\n\t\t\t\t\t<\/a>\t\t\t\t\t\t\t\t\t<\/div>\r\n\t\t\t\t\t\t\t<\/li>\r\n\t\t\t\t\t\t<\/ul>\r\n\t\t\t<\/div>\r\n\t\t<\/nav>\r\n\t\t\t\t\t\t<\/div>\n\t\t\t\t\t<\/div>\n\t\t\t\t<\/div>\n\t\t<div class=\"elementor-element elementor-element-ac8ee25 e-con-full e-flex e-con e-parent\" data-id=\"ac8ee25\" data-element_type=\"container\" id=\"CHARAKTER\" data-settings=\"{&quot;background_background&quot;:&quot;classic&quot;}\">\n\t\t<div class=\"elementor-element elementor-element-bf6a137 e-con-full e-flex e-con e-child\" data-id=\"bf6a137\" data-element_type=\"container\" data-settings=\"{&quot;background_background&quot;:&quot;classic&quot;}\">\n\t\t\t\t<\/div>\n\t\t<div class=\"elementor-element elementor-element-c69a35a e-con-full e-flex e-con e-child\" data-id=\"c69a35a\" data-element_type=\"container\" data-settings=\"{&quot;background_background&quot;:&quot;classic&quot;}\">\n\t\t\t\t<div class=\"elementor-element elementor-element-46d0267 elementor-widget elementor-widget-heading\" data-id=\"46d0267\" data-element_type=\"widget\" data-widget_type=\"heading.default\">\n\t\t\t\t\t<h2 class=\"elementor-heading-title elementor-size-default\">We facilitate the implementation of projects<\/h2>\t\t\t\t<\/div>\n\t\t\t\t<div class=\"elementor-element elementor-element-8b5c1e1 elementor-widget elementor-widget-text-editor\" data-id=\"8b5c1e1\" data-element_type=\"widget\" data-widget_type=\"text-editor.default\">\n\t\t\t\t\t\t\t\t\t<p>We oversee each project to ensure perfect execution, developing specific solutions tailored to the specific requirements of each project, ensuring correct installation and maximum use of the benefits of Favemanc products.<\/p>\t\t\t\t\t\t\t\t<\/div>\n\t\t\t\t<\/div>\n\t\t\t\t<\/div>\n\t\t<div class=\"elementor-element elementor-element-9f8add1 e-con-full e-flex e-con e-parent\" data-id=\"9f8add1\" data-element_type=\"container\" id=\"RADA\" data-settings=\"{&quot;background_background&quot;:&quot;classic&quot;}\">\n\t\t<div class=\"elementor-element elementor-element-366f729 e-con-full e-flex e-con e-child\" data-id=\"366f729\" data-element_type=\"container\" data-settings=\"{&quot;background_background&quot;:&quot;classic&quot;}\">\n\t\t\t\t<div class=\"elementor-element elementor-element-ef51787 elementor-widget elementor-widget-heading\" data-id=\"ef51787\" data-element_type=\"widget\" data-widget_type=\"heading.default\">\n\t\t\t\t\t<h3 class=\"elementor-heading-title elementor-size-default\">Consulting during the design phase<\/h3>\t\t\t\t<\/div>\n\t\t\t\t<div class=\"elementor-element elementor-element-0437a9b elementor-widget elementor-widget-text-editor\" data-id=\"0437a9b\" data-element_type=\"widget\" data-widget_type=\"text-editor.default\">\n\t\t\t\t\t\t\t\t\t<p>Our technical management team analyzes projects from the design phase to maximize their feasibility and mitigate potential execution risks or unnecessary cost overruns.<\/p>\t\t\t\t\t\t\t\t<\/div>\n\t\t\t\t<\/div>\n\t\t<div class=\"elementor-element elementor-element-e276928 e-con-full e-flex e-con e-child\" data-id=\"e276928\" data-element_type=\"container\" data-settings=\"{&quot;background_background&quot;:&quot;classic&quot;}\">\n\t\t\t\t<\/div>\n\t\t\t\t<\/div>\n\t\t<div class=\"elementor-element elementor-element-b0a6c36 e-con-full e-flex e-con e-parent\" data-id=\"b0a6c36\" data-element_type=\"container\" id=\"DORADZTWO\" data-settings=\"{&quot;background_background&quot;:&quot;classic&quot;}\">\n\t\t<div class=\"elementor-element elementor-element-1e96c0f e-con-full e-flex e-con e-child\" data-id=\"1e96c0f\" data-element_type=\"container\" data-settings=\"{&quot;background_background&quot;:&quot;classic&quot;}\">\n\t\t\t\t<\/div>\n\t\t<div class=\"elementor-element elementor-element-f101db2 e-con-full e-flex e-con e-child\" data-id=\"f101db2\" data-element_type=\"container\" data-settings=\"{&quot;background_background&quot;:&quot;classic&quot;}\">\n\t\t\t\t<div class=\"elementor-element elementor-element-23242cc elementor-widget elementor-widget-heading\" data-id=\"23242cc\" data-element_type=\"widget\" data-widget_type=\"heading.default\">\n\t\t\t\t\t<h3 class=\"elementor-heading-title elementor-size-default\">Design consulting<\/h3>\t\t\t\t<\/div>\n\t\t\t\t<div class=\"elementor-element elementor-element-477b072 elementor-widget elementor-widget-text-editor\" data-id=\"477b072\" data-element_type=\"widget\" data-widget_type=\"text-editor.default\">\n\t\t\t\t\t\t\t\t\t<p>Our clients have certified specialists at their disposal who will answer any questions that may arise before and during the project.<\/p>\t\t\t\t\t\t\t\t<\/div>\n\t\t\t\t<\/div>\n\t\t\t\t<\/div>\n\t\t<div class=\"elementor-element elementor-element-ea1be96 e-con-full e-flex e-con e-parent\" data-id=\"ea1be96\" data-element_type=\"container\" id=\"POMOC\" data-settings=\"{&quot;background_background&quot;:&quot;classic&quot;}\">\n\t\t<div class=\"elementor-element elementor-element-24849c8 e-con-full e-flex e-con e-child\" data-id=\"24849c8\" data-element_type=\"container\" data-settings=\"{&quot;background_background&quot;:&quot;classic&quot;}\">\n\t\t\t\t<div class=\"elementor-element elementor-element-3836912 elementor-widget elementor-widget-heading\" data-id=\"3836912\" data-element_type=\"widget\" data-widget_type=\"heading.default\">\n\t\t\t\t\t<h3 class=\"elementor-heading-title elementor-size-default\">On-site technical support<\/h3>\t\t\t\t<\/div>\n\t\t\t\t<div class=\"elementor-element elementor-element-09eab22 elementor-widget elementor-widget-text-editor\" data-id=\"09eab22\" data-element_type=\"widget\" data-widget_type=\"text-editor.default\">\n\t\t\t\t\t\t\t\t\t<p>With their own team of installers, Favemanc professionals provide the best support at every stage of the project, as well as ensuring close monitoring every step of the way.<\/p>\t\t\t\t\t\t\t\t<\/div>\n\t\t\t\t<\/div>\n\t\t<div class=\"elementor-element elementor-element-8f66277 e-con-full e-flex e-con e-child\" data-id=\"8f66277\" data-element_type=\"container\" data-settings=\"{&quot;background_background&quot;:&quot;classic&quot;}\">\n\t\t\t\t<\/div>\n\t\t\t\t<\/div>\n\t\t\t\t<\/div>","protected":false},"excerpt":{"rendered":"<p>Fasady wentylowane DORADZTWO TECHNICZNE CHARAKTERYSTYKA RADA DORADZTWO POMOC U\u0142atwiamy realizacj\u0119 projekt\u00f3w Nadzorujemy ka\u017cdy projekt, aby zapewni\u0107 perfekcyjne wykonanie, opracowuj\u0105c konkretne [&hellip;]<\/p>","protected":false},"author":1,"featured_media":0,"parent":0,"menu_order":0,"comment_status":"closed","ping_status":"closed","template":"","meta":{"site-sidebar-layout":"no-sidebar","site-content-layout":"","ast-site-content-layout":"full-width-container","site-content-style":"default","site-sidebar-style":"default","ast-global-header-display":"","ast-banner-title-visibility":"","ast-main-header-display":"","ast-hfb-above-header-display":"","ast-hfb-below-header-display":"","ast-hfb-mobile-header-display":"","site-post-title":"","ast-breadcrumbs-content":"","ast-featured-img":"disabled","footer-sml-layout":"","theme-transparent-header-meta":"","adv-header-id-meta":"","stick-header-meta":"","header-above-stick-meta":"","header-main-stick-meta":"","header-below-stick-meta":"","astra-migrate-meta-layouts":"default","ast-page-background-enabled":"default","ast-page-background-meta":{"desktop":{"background-color":"var(--ast-global-color-5)","background-image":"","background-repeat":"repeat","background-position":"center center","background-size":"auto","background-attachment":"scroll","background-type":"","background-media":"","overlay-type":"","overlay-color":"","overlay-opacity":"","overlay-gradient":""},"tablet":{"background-color":"","background-image":"","background-repeat":"repeat","background-position":"center center","background-size":"auto","background-attachment":"scroll","background-type":"","background-media":"","overlay-type":"","overlay-color":"","overlay-opacity":"","overlay-gradient":""},"mobile":{"background-color":"","background-image":"","background-repeat":"repeat","background-position":"center center","background-size":"auto","background-attachment":"scroll","background-type":"","background-media":"","overlay-type":"","overlay-color":"","overlay-opacity":"","overlay-gradient":""}},"ast-content-background-meta":{"desktop":{"background-color":"var(--ast-global-color-4)","background-image":"","background-repeat":"repeat","background-position":"center center","background-size":"auto","background-attachment":"scroll","background-type":"","background-media":"","overlay-type":"","overlay-color":"","overlay-opacity":"","overlay-gradient":""},"tablet":{"background-color":"var(--ast-global-color-4)","background-image":"","background-repeat":"repeat","background-position":"center center","background-size":"auto","background-attachment":"scroll","background-type":"","background-media":"","overlay-type":"","overlay-color":"","overlay-opacity":"","overlay-gradient":""},"mobile":{"background-color":"var(--ast-global-color-4)","background-image":"","background-repeat":"repeat","background-position":"center center","background-size":"auto","background-attachment":"scroll","background-type":"","background-media":"","overlay-type":"","overlay-color":"","overlay-opacity":"","overlay-gradient":""}},"footnotes":""},"class_list":["post-525","page","type-page","status-publish","hentry"],"yoast_head":"<!-- This site is optimized with the Yoast SEO Premium plugin v25.9 (Yoast SEO v26.0) - https:\/\/yoast.com\/wordpress\/plugins\/seo\/ -->\n<title>Doradztwo - Favemanc<\/title>\n<meta name=\"description\" content=\"Profesjonalne doradztwo i wsparcie od Favemanc \u2013 projektowanie fasad, dob\u00f3r materia\u0142\u00f3w, konsultacje techniczne.\" \/>\n<meta name=\"robots\" content=\"index, follow, max-snippet:-1, max-image-preview:large, max-video-preview:-1\" \/>\n<link rel=\"canonical\" href=\"https:\/\/favemanc.pl\/en\/doradztwo-techniczne-favemanc-projekty-fasad-i-wsparcie\/\" \/>\n<meta property=\"og:locale\" content=\"en_GB\" \/>\n<meta property=\"og:type\" content=\"article\" \/>\n<meta property=\"og:title\" content=\"Doradztwo\" \/>\n<meta property=\"og:description\" content=\"Profesjonalne doradztwo i wsparcie od Favemanc \u2013 projektowanie fasad, dob\u00f3r materia\u0142\u00f3w, konsultacje techniczne.\" \/>\n<meta property=\"og:url\" content=\"https:\/\/favemanc.pl\/en\/doradztwo-techniczne-favemanc-projekty-fasad-i-wsparcie\/\" \/>\n<meta property=\"og:site_name\" content=\"Favemanc\" \/>\n<meta property=\"article:modified_time\" content=\"2025-09-23T09:45:52+00:00\" \/>\n<meta name=\"twitter:card\" content=\"summary_large_image\" \/>\n<meta name=\"twitter:label1\" content=\"Estimated reading time\" \/>\n\t<meta name=\"twitter:data1\" content=\"1 minute\" \/>\n<script type=\"application\/ld+json\" class=\"yoast-schema-graph\">{\"@context\":\"https:\/\/schema.org\",\"@graph\":[{\"@type\":\"WebPage\",\"@id\":\"https:\/\/favemanc.pl\/doradztwo-techniczne-favemanc-projekty-fasad-i-wsparcie\/\",\"url\":\"https:\/\/favemanc.pl\/doradztwo-techniczne-favemanc-projekty-fasad-i-wsparcie\/\",\"name\":\"Doradztwo - Favemanc\",\"isPartOf\":{\"@id\":\"https:\/\/favemanc.pl\/#website\"},\"datePublished\":\"2025-09-03T13:06:50+00:00\",\"dateModified\":\"2025-09-23T09:45:52+00:00\",\"description\":\"Profesjonalne doradztwo i wsparcie od Favemanc \u2013 projektowanie fasad, dob\u00f3r materia\u0142\u00f3w, konsultacje techniczne.\",\"breadcrumb\":{\"@id\":\"https:\/\/favemanc.pl\/doradztwo-techniczne-favemanc-projekty-fasad-i-wsparcie\/#breadcrumb\"},\"inLanguage\":\"en-GB\",\"potentialAction\":[{\"@type\":\"ReadAction\",\"target\":[\"https:\/\/favemanc.pl\/doradztwo-techniczne-favemanc-projekty-fasad-i-wsparcie\/\"]}]},{\"@type\":\"BreadcrumbList\",\"@id\":\"https:\/\/favemanc.pl\/doradztwo-techniczne-favemanc-projekty-fasad-i-wsparcie\/#breadcrumb\",\"itemListElement\":[{\"@type\":\"ListItem\",\"position\":1,\"name\":\"Strona g\u0142\u00f3wna\",\"item\":\"https:\/\/favemanc.pl\/\"},{\"@type\":\"ListItem\",\"position\":2,\"name\":\"Doradztwo\"}]},{\"@type\":\"WebSite\",\"@id\":\"https:\/\/favemanc.pl\/#website\",\"url\":\"https:\/\/favemanc.pl\/\",\"name\":\"Favemanc\",\"description\":\"\",\"publisher\":{\"@id\":\"https:\/\/favemanc.pl\/#organization\"},\"potentialAction\":[{\"@type\":\"SearchAction\",\"target\":{\"@type\":\"EntryPoint\",\"urlTemplate\":\"https:\/\/favemanc.pl\/?s={search_term_string}\"},\"query-input\":{\"@type\":\"PropertyValueSpecification\",\"valueRequired\":true,\"valueName\":\"search_term_string\"}}],\"inLanguage\":\"en-GB\"},{\"@type\":\"Organization\",\"@id\":\"https:\/\/favemanc.pl\/#organization\",\"name\":\"Favemanc\",\"url\":\"https:\/\/favemanc.pl\/\",\"logo\":{\"@type\":\"ImageObject\",\"inLanguage\":\"en-GB\",\"@id\":\"https:\/\/favemanc.pl\/#\/schema\/logo\/image\/\",\"url\":\"https:\/\/favemanc.pl\/wp-content\/uploads\/2025\/09\/LOGO-4-Bs-red.png\",\"contentUrl\":\"https:\/\/favemanc.pl\/wp-content\/uploads\/2025\/09\/LOGO-4-Bs-red.png\",\"width\":1000,\"height\":1000,\"caption\":\"Favemanc\"},\"image\":{\"@id\":\"https:\/\/favemanc.pl\/#\/schema\/logo\/image\/\"}}]}<\/script>\n<!-- \/ Yoast SEO Premium plugin. -->","yoast_head_json":{"title":"Doradztwo - Favemanc","description":"Profesjonalne doradztwo i wsparcie od Favemanc \u2013 projektowanie fasad, dob\u00f3r materia\u0142\u00f3w, konsultacje techniczne.","robots":{"index":"index","follow":"follow","max-snippet":"max-snippet:-1","max-image-preview":"max-image-preview:large","max-video-preview":"max-video-preview:-1"},"canonical":"https:\/\/favemanc.pl\/en\/doradztwo-techniczne-favemanc-projekty-fasad-i-wsparcie\/","og_locale":"en_GB","og_type":"article","og_title":"Doradztwo","og_description":"Profesjonalne doradztwo i wsparcie od Favemanc \u2013 projektowanie fasad, dob\u00f3r materia\u0142\u00f3w, konsultacje techniczne.","og_url":"https:\/\/favemanc.pl\/en\/doradztwo-techniczne-favemanc-projekty-fasad-i-wsparcie\/","og_site_name":"Favemanc","article_modified_time":"2025-09-23T09:45:52+00:00","twitter_card":"summary_large_image","twitter_misc":{"Estimated reading time":"1 minute"},"schema":{"@context":"https:\/\/schema.org","@graph":[{"@type":"WebPage","@id":"https:\/\/favemanc.pl\/doradztwo-techniczne-favemanc-projekty-fasad-i-wsparcie\/","url":"https:\/\/favemanc.pl\/doradztwo-techniczne-favemanc-projekty-fasad-i-wsparcie\/","name":"Doradztwo - Favemanc","isPartOf":{"@id":"https:\/\/favemanc.pl\/#website"},"datePublished":"2025-09-03T13:06:50+00:00","dateModified":"2025-09-23T09:45:52+00:00","description":"Profesjonalne doradztwo i wsparcie od Favemanc \u2013 projektowanie fasad, dob\u00f3r materia\u0142\u00f3w, konsultacje techniczne.","breadcrumb":{"@id":"https:\/\/favemanc.pl\/doradztwo-techniczne-favemanc-projekty-fasad-i-wsparcie\/#breadcrumb"},"inLanguage":"en-GB","potentialAction":[{"@type":"ReadAction","target":["https:\/\/favemanc.pl\/doradztwo-techniczne-favemanc-projekty-fasad-i-wsparcie\/"]}]},{"@type":"BreadcrumbList","@id":"https:\/\/favemanc.pl\/doradztwo-techniczne-favemanc-projekty-fasad-i-wsparcie\/#breadcrumb","itemListElement":[{"@type":"ListItem","position":1,"name":"Strona g\u0142\u00f3wna","item":"https:\/\/favemanc.pl\/"},{"@type":"ListItem","position":2,"name":"Doradztwo"}]},{"@type":"WebSite","@id":"https:\/\/favemanc.pl\/#website","url":"https:\/\/favemanc.pl\/","name":"Favemanc","description":"","publisher":{"@id":"https:\/\/favemanc.pl\/#organization"},"potentialAction":[{"@type":"SearchAction","target":{"@type":"EntryPoint","urlTemplate":"https:\/\/favemanc.pl\/?s={search_term_string}"},"query-input":{"@type":"PropertyValueSpecification","valueRequired":true,"valueName":"search_term_string"}}],"inLanguage":"en-GB"},{"@type":"Organization","@id":"https:\/\/favemanc.pl\/#organization","name":"Favemanc","url":"https:\/\/favemanc.pl\/","logo":{"@type":"ImageObject","inLanguage":"en-GB","@id":"https:\/\/favemanc.pl\/#\/schema\/logo\/image\/","url":"https:\/\/favemanc.pl\/wp-content\/uploads\/2025\/09\/LOGO-4-Bs-red.png","contentUrl":"https:\/\/favemanc.pl\/wp-content\/uploads\/2025\/09\/LOGO-4-Bs-red.png","width":1000,"height":1000,"caption":"Favemanc"},"image":{"@id":"https:\/\/favemanc.pl\/#\/schema\/logo\/image\/"}}]}},"_links":{"self":[{"href":"https:\/\/favemanc.pl\/en\/wp-json\/wp\/v2\/pages\/525","targetHints":{"allow":["GET"]}}],"collection":[{"href":"https:\/\/favemanc.pl\/en\/wp-json\/wp\/v2\/pages"}],"about":[{"href":"https:\/\/favemanc.pl\/en\/wp-json\/wp\/v2\/types\/page"}],"author":[{"embeddable":true,"href":"https:\/\/favemanc.pl\/en\/wp-json\/wp\/v2\/users\/1"}],"replies":[{"embeddable":true,"href":"https:\/\/favemanc.pl\/en\/wp-json\/wp\/v2\/comments?post=525"}],"version-history":[{"count":0,"href":"https:\/\/favemanc.pl\/en\/wp-json\/wp\/v2\/pages\/525\/revisions"}],"wp:attachment":[{"href":"https:\/\/favemanc.pl\/en\/wp-json\/wp\/v2\/media?parent=525"}],"curies":[{"name":"wp","href":"https:\/\/api.w.org\/{rel}","templated":true}]}}