{"id":521,"date":"2025-09-03T15:02:38","date_gmt":"2025-09-03T13:02:38","guid":{"rendered":"https:\/\/favemanc.pl\/?page_id=521"},"modified":"2025-09-23T11:57:23","modified_gmt":"2025-09-23T09:57:23","slug":"elementy-na-zamowienie","status":"publish","type":"page","link":"https:\/\/favemanc.pl\/en\/elementy-na-zamowienie\/","title":{"rendered":"Custom pieces"},"content":{"rendered":"<div data-elementor-type=\"wp-page\" data-elementor-id=\"521\" class=\"elementor elementor-521\" data-elementor-post-type=\"page\">\n\t\t\t\t<div class=\"elementor-element elementor-element-57726f1 e-flex e-con-boxed e-con e-parent\" data-id=\"57726f1\" data-element_type=\"container\" data-settings=\"{&quot;background_background&quot;:&quot;classic&quot;}\">\n\t\t\t\t\t<div class=\"e-con-inner\">\n\t\t\t\t<div class=\"elementor-element elementor-element-469eb68 elementor-widget elementor-widget-heading\" data-id=\"469eb68\" data-element_type=\"widget\" data-widget_type=\"heading.default\">\n\t\t\t\t\t<h2 class=\"elementor-heading-title elementor-size-default\">Ventilated facades<\/h2>\t\t\t\t<\/div>\n\t\t\t\t<div class=\"elementor-element elementor-element-d1b3dd8 elementor-widget elementor-widget-heading\" data-id=\"d1b3dd8\" data-element_type=\"widget\" data-widget_type=\"heading.default\">\n\t\t\t\t\t<div class=\"elementor-heading-title elementor-size-default\">CUSTOM PIECES<\/div>\t\t\t\t<\/div>\n\t\t\t\t\t<\/div>\n\t\t\t\t<\/div>\n\t\t<div class=\"elementor-element elementor-element-01241bc e-flex e-con-boxed e-con e-parent\" data-id=\"01241bc\" data-element_type=\"container\" data-settings=\"{&quot;background_background&quot;:&quot;classic&quot;,&quot;sticky&quot;:&quot;top&quot;,&quot;sticky_offset_mobile&quot;:70,&quot;sticky_effects_offset_mobile&quot;:370,&quot;sticky_offset&quot;:100,&quot;sticky_parent&quot;:&quot;yes&quot;,&quot;sticky_offset_mobile_extra&quot;:75,&quot;sticky_on&quot;:[&quot;desktop&quot;,&quot;laptop&quot;],&quot;sticky_effects_offset&quot;:0,&quot;sticky_anchor_link_offset&quot;:0}\">\n\t\t\t\t\t<div class=\"e-con-inner\">\n\t\t\t\t<div class=\"elementor-element elementor-element-d652ada e-n-menu-none e-full_width e-n-menu-layout-horizontal elementor-widget elementor-widget-n-menu\" data-id=\"d652ada\" data-element_type=\"widget\" data-settings=\"{&quot;menu_items&quot;:[{&quot;item_title&quot;:&quot;CHARAKTERYSTYKA&quot;,&quot;_id&quot;:&quot;296a8b6&quot;,&quot;item_dropdown_content&quot;:&quot;&quot;,&quot;item_link&quot;:{&quot;url&quot;:&quot;#CHARAKTERYSTYKA&quot;,&quot;is_external&quot;:&quot;&quot;,&quot;nofollow&quot;:&quot;&quot;,&quot;custom_attributes&quot;:&quot;&quot;},&quot;item_icon&quot;:{&quot;value&quot;:&quot;&quot;,&quot;library&quot;:&quot;&quot;},&quot;item_icon_active&quot;:null,&quot;element_id&quot;:&quot;&quot;},{&quot;item_title&quot;:&quot;PROJEKT&quot;,&quot;_id&quot;:&quot;0ce885f&quot;,&quot;item_link&quot;:{&quot;url&quot;:&quot;#PROJEKT&quot;,&quot;is_external&quot;:&quot;&quot;,&quot;nofollow&quot;:&quot;&quot;,&quot;custom_attributes&quot;:&quot;&quot;},&quot;item_dropdown_content&quot;:&quot;no&quot;,&quot;item_icon&quot;:{&quot;value&quot;:&quot;&quot;,&quot;library&quot;:&quot;&quot;},&quot;item_icon_active&quot;:null,&quot;element_id&quot;:&quot;&quot;},{&quot;item_title&quot;:&quot;FORMATY&quot;,&quot;_id&quot;:&quot;6f65fa9&quot;,&quot;item_link&quot;:{&quot;url&quot;:&quot;#FORMATY&quot;,&quot;is_external&quot;:&quot;&quot;,&quot;nofollow&quot;:&quot;&quot;,&quot;custom_attributes&quot;:&quot;&quot;},&quot;item_dropdown_content&quot;:&quot;no&quot;,&quot;item_icon&quot;:{&quot;value&quot;:&quot;&quot;,&quot;library&quot;:&quot;&quot;},&quot;item_icon_active&quot;:null,&quot;element_id&quot;:&quot;&quot;},{&quot;item_title&quot;:&quot;PROJEKTY&quot;,&quot;_id&quot;:&quot;fb67fe8&quot;,&quot;item_link&quot;:{&quot;url&quot;:&quot;#PROJEKTY&quot;,&quot;is_external&quot;:&quot;&quot;,&quot;nofollow&quot;:&quot;&quot;,&quot;custom_attributes&quot;:&quot;&quot;},&quot;item_dropdown_content&quot;:&quot;no&quot;,&quot;item_icon&quot;:{&quot;value&quot;:&quot;&quot;,&quot;library&quot;:&quot;&quot;},&quot;item_icon_active&quot;:null,&quot;element_id&quot;:&quot;&quot;}],&quot;item_position_horizontal&quot;:&quot;stretch&quot;,&quot;horizontal_scroll&quot;:&quot;enable&quot;,&quot;breakpoint_selector&quot;:&quot;none&quot;,&quot;content_width&quot;:&quot;full_width&quot;,&quot;item_layout&quot;:&quot;horizontal&quot;,&quot;open_on&quot;:&quot;hover&quot;,&quot;menu_item_title_distance_from_content&quot;:{&quot;unit&quot;:&quot;px&quot;,&quot;size&quot;:0,&quot;sizes&quot;:[]},&quot;menu_item_title_distance_from_content_laptop&quot;:{&quot;unit&quot;:&quot;px&quot;,&quot;size&quot;:&quot;&quot;,&quot;sizes&quot;:[]},&quot;menu_item_title_distance_from_content_tablet_extra&quot;:{&quot;unit&quot;:&quot;px&quot;,&quot;size&quot;:&quot;&quot;,&quot;sizes&quot;:[]},&quot;menu_item_title_distance_from_content_tablet&quot;:{&quot;unit&quot;:&quot;px&quot;,&quot;size&quot;:&quot;&quot;,&quot;sizes&quot;:[]},&quot;menu_item_title_distance_from_content_mobile_extra&quot;:{&quot;unit&quot;:&quot;px&quot;,&quot;size&quot;:&quot;&quot;,&quot;sizes&quot;:[]},&quot;menu_item_title_distance_from_content_mobile&quot;:{&quot;unit&quot;:&quot;px&quot;,&quot;size&quot;:&quot;&quot;,&quot;sizes&quot;:[]}}\" data-widget_type=\"mega-menu.default\">\n\t\t\t\t\t\t\t<nav class=\"e-n-menu\" data-widget-number=\"224\" aria-label=\"Menu\">\r\n\t\t\t\t\t<button class=\"e-n-menu-toggle\" id=\"menu-toggle-224\" aria-haspopup=\"true\" aria-expanded=\"false\" aria-controls=\"menubar-224\" aria-label=\"Menu Toggle\">\r\n\t\t\t<span class=\"e-n-menu-toggle-icon e-open\">\r\n\t\t\t\t<svg class=\"e-font-icon-svg e-eicon-menu-bar\" viewbox=\"0 0 1000 1000\" xmlns=\"http:\/\/www.w3.org\/2000\/svg\"><path d=\"M104 333H896C929 333 958 304 958 271S929 208 896 208H104C71 208 42 237 42 271S71 333 104 333ZM104 583H896C929 583 958 554 958 521S929 458 896 458H104C71 458 42 487 42 521S71 583 104 583ZM104 833H896C929 833 958 804 958 771S929 708 896 708H104C71 708 42 737 42 771S71 833 104 833Z\"><\/path><\/svg>\t\t\t<\/span>\r\n\t\t\t<span class=\"e-n-menu-toggle-icon e-close\">\r\n\t\t\t\t<svg class=\"e-font-icon-svg e-eicon-close\" viewbox=\"0 0 1000 1000\" xmlns=\"http:\/\/www.w3.org\/2000\/svg\"><path d=\"M742 167L500 408 258 167C246 154 233 150 217 150 196 150 179 158 167 167 154 179 150 196 150 212 150 229 154 242 171 254L408 500 167 742C138 771 138 800 167 829 196 858 225 858 254 829L496 587 738 829C750 842 767 846 783 846 800 846 817 842 829 829 842 817 846 804 846 783 846 767 842 750 829 737L588 500 833 258C863 229 863 200 833 171 804 137 775 137 742 167Z\"><\/path><\/svg>\t\t\t<\/span>\r\n\t\t<\/button>\r\n\t\t\t\t\t<div class=\"e-n-menu-wrapper\" id=\"menubar-224\" aria-labelledby=\"menu-toggle-224\">\r\n\t\t\t\t<ul class=\"e-n-menu-heading\">\r\n\t\t\t\t\t\t\t\t<li class=\"e-n-menu-item\">\r\n\t\t\t\t<div id=\"e-n-menu-title-2241\" class=\"e-n-menu-title e-anchor\">\r\n\t\t\t\t\t<a class=\"e-n-menu-title-container e-focus e-link\" href=\"#CHARAKTERYSTYKA\" aria-current=\"page\">\t\t\t\t\t\t\t\t\t\t\t\t<span class=\"e-n-menu-title-text\">\r\n\t\t\t\t\t\t\tCHARACTERISTIC\t\t\t\t\t\t<\/span>\r\n\t\t\t\t\t<\/a>\t\t\t\t\t\t\t\t\t<\/div>\r\n\t\t\t\t\t\t\t<\/li>\r\n\t\t\t\t\t<li class=\"e-n-menu-item\">\r\n\t\t\t\t<div id=\"e-n-menu-title-2242\" class=\"e-n-menu-title e-anchor\">\r\n\t\t\t\t\t<a class=\"e-n-menu-title-container e-focus e-link\" href=\"#PROJEKT\" aria-current=\"page\">\t\t\t\t\t\t\t\t\t\t\t\t<span class=\"e-n-menu-title-text\">\r\n\t\t\t\t\t\t\tDESIGN\t\t\t\t\t\t<\/span>\r\n\t\t\t\t\t<\/a>\t\t\t\t\t\t\t\t\t<\/div>\r\n\t\t\t\t\t\t\t<\/li>\r\n\t\t\t\t\t<li class=\"e-n-menu-item\">\r\n\t\t\t\t<div id=\"e-n-menu-title-2243\" class=\"e-n-menu-title e-anchor\">\r\n\t\t\t\t\t<a class=\"e-n-menu-title-container e-focus e-link\" href=\"#FORMATY\" aria-current=\"page\">\t\t\t\t\t\t\t\t\t\t\t\t<span class=\"e-n-menu-title-text\">\r\n\t\t\t\t\t\t\tFORMATS\t\t\t\t\t\t<\/span>\r\n\t\t\t\t\t<\/a>\t\t\t\t\t\t\t\t\t<\/div>\r\n\t\t\t\t\t\t\t<\/li>\r\n\t\t\t\t\t<li class=\"e-n-menu-item\">\r\n\t\t\t\t<div id=\"e-n-menu-title-2244\" class=\"e-n-menu-title e-anchor\">\r\n\t\t\t\t\t<a class=\"e-n-menu-title-container e-focus e-link\" href=\"#PROJEKTY\" aria-current=\"page\">\t\t\t\t\t\t\t\t\t\t\t\t<span class=\"e-n-menu-title-text\">\r\n\t\t\t\t\t\t\tPROJECTS\t\t\t\t\t\t<\/span>\r\n\t\t\t\t\t<\/a>\t\t\t\t\t\t\t\t\t<\/div>\r\n\t\t\t\t\t\t\t<\/li>\r\n\t\t\t\t\t\t<\/ul>\r\n\t\t\t<\/div>\r\n\t\t<\/nav>\r\n\t\t\t\t\t\t<\/div>\n\t\t\t\t\t<\/div>\n\t\t\t\t<\/div>\n\t\t<div class=\"elementor-element elementor-element-791eb3a e-con-full e-flex e-con e-parent\" data-id=\"791eb3a\" data-element_type=\"container\" id=\"CHARAKTERYSTYKA\" data-settings=\"{&quot;background_background&quot;:&quot;classic&quot;}\">\n\t\t<div class=\"elementor-element elementor-element-e9ed77b e-con-full e-flex e-con e-child\" data-id=\"e9ed77b\" data-element_type=\"container\" data-settings=\"{&quot;background_background&quot;:&quot;classic&quot;}\">\n\t\t\t\t<\/div>\n\t\t<div class=\"elementor-element elementor-element-bc27665 e-con-full e-flex e-con e-child\" data-id=\"bc27665\" data-element_type=\"container\" data-settings=\"{&quot;background_background&quot;:&quot;classic&quot;}\">\n\t\t\t\t<div class=\"elementor-element elementor-element-35fcbea elementor-widget elementor-widget-heading\" data-id=\"35fcbea\" data-element_type=\"widget\" data-widget_type=\"heading.default\">\n\t\t\t\t\t<h1 class=\"elementor-heading-title elementor-size-default\">Extrusion, in the service of design and architecture<\/h1>\t\t\t\t<\/div>\n\t\t\t\t<div class=\"elementor-element elementor-element-5def0f6 elementor-widget elementor-widget-text-editor\" data-id=\"5def0f6\" data-element_type=\"widget\" data-widget_type=\"text-editor.default\">\n\t\t\t\t\t\t\t\t\t<p>Designer elements, shapes, large formats, unique glazed finishes\u2026<\/p><p class=\"translation-block\">Efficient and cutting-edge technology used in production processes makes Favemanc the ideal partner for creating unique architectural designs with ceramic tiles tailored to architects' ideas. The concepts, shapes, and 3D designs of the most daring architects become reality thanks to the power of Favemanc extrusion.<\/p>\t\t\t\t\t\t\t\t<\/div>\n\t\t\t\t<\/div>\n\t\t\t\t<\/div>\n\t\t<div class=\"elementor-element elementor-element-7933adb e-con-full e-flex e-con e-parent\" data-id=\"7933adb\" data-element_type=\"container\" id=\"PROJEKT\" data-settings=\"{&quot;background_background&quot;:&quot;classic&quot;}\">\n\t\t\t\t<div class=\"elementor-element elementor-element-8739943 elementor-widget elementor-widget-heading\" data-id=\"8739943\" data-element_type=\"widget\" data-widget_type=\"heading.default\">\n\t\t\t\t\t<h2 class=\"elementor-heading-title elementor-size-default\">Wide design possibilities thanks to ceramics<\/h2>\t\t\t\t<\/div>\n\t\t\t\t<div class=\"elementor-element elementor-element-b4abe29 elementor-widget elementor-widget-text-editor\" data-id=\"b4abe29\" data-element_type=\"widget\" data-widget_type=\"text-editor.default\">\n\t\t\t\t\t\t\t\t\t<p class=\"translation-block\"><strong>The multitude of design possibilities <\/strong>offered by ceramics makes it a key material in the construction sector, thanks to its high performance parameters and physical properties, consistent with the concept of sustainable architecture. <strong>Ceramic ventilated facade systems<\/strong> can be complemented with special elements and compatible blinds, giving each building a unique character.<\/p>\t\t\t\t\t\t\t\t<\/div>\n\t\t\t\t<\/div>\n\t\t<div class=\"elementor-element elementor-element-2c9575b e-con-full e-flex e-con e-parent\" data-id=\"2c9575b\" data-element_type=\"container\" data-settings=\"{&quot;background_background&quot;:&quot;classic&quot;}\">\n\t\t<div class=\"elementor-element elementor-element-dc052e5 e-con-full e-flex e-con e-child\" data-id=\"dc052e5\" data-element_type=\"container\" data-settings=\"{&quot;background_background&quot;:&quot;classic&quot;}\">\n\t\t\t\t<div class=\"elementor-element elementor-element-c478166 elementor-widget elementor-widget-heading\" data-id=\"c478166\" data-element_type=\"widget\" data-widget_type=\"heading.default\">\n\t\t\t\t\t<h3 class=\"elementor-heading-title elementor-size-default\">Volumetric parts<\/h3>\t\t\t\t<\/div>\n\t\t\t\t<div class=\"elementor-element elementor-element-1ca5440 elementor-widget elementor-widget-text-editor\" data-id=\"1ca5440\" data-element_type=\"widget\" data-widget_type=\"text-editor.default\">\n\t\t\t\t\t\t\t\t\t<p class=\"translation-block\">Our  <strong>exclusive collection of large-scale ceramic elements for ventilated facades <\/strong> is constantly expanding, offering limitless aesthetic possibilities in the world of architecture. The main added value offered to architects is the ability to express their ideas in ceramics.<\/p>\t\t\t\t\t\t\t\t<\/div>\n\t\t\t\t<\/div>\n\t\t<div class=\"elementor-element elementor-element-418dd13 e-con-full e-flex e-con e-child\" data-id=\"418dd13\" data-element_type=\"container\" data-settings=\"{&quot;background_background&quot;:&quot;classic&quot;}\">\n\t\t\t\t<\/div>\n\t\t\t\t<\/div>\n\t\t<div class=\"elementor-element elementor-element-1b95793 e-con-full e-flex e-con e-parent\" data-id=\"1b95793\" data-element_type=\"container\" id=\"FORMATY\" data-settings=\"{&quot;background_background&quot;:&quot;classic&quot;}\">\n\t\t<div class=\"elementor-element elementor-element-245699c e-con-full e-flex e-con e-child\" data-id=\"245699c\" data-element_type=\"container\" data-settings=\"{&quot;background_background&quot;:&quot;classic&quot;}\">\n\t\t\t\t<\/div>\n\t\t<div class=\"elementor-element elementor-element-8ead409 e-con-full e-flex e-con e-child\" data-id=\"8ead409\" data-element_type=\"container\" data-settings=\"{&quot;background_background&quot;:&quot;classic&quot;}\">\n\t\t\t\t<div class=\"elementor-element elementor-element-1373d10 elementor-widget elementor-widget-heading\" data-id=\"1373d10\" data-element_type=\"widget\" data-widget_type=\"heading.default\">\n\t\t\t\t\t<h3 class=\"elementor-heading-title elementor-size-default\">Formats<\/h3>\t\t\t\t<\/div>\n\t\t\t\t<div class=\"elementor-element elementor-element-d303969 elementor-widget elementor-widget-text-editor\" data-id=\"d303969\" data-element_type=\"widget\" data-widget_type=\"text-editor.default\">\n\t\t\t\t\t\t\t\t\t<p class=\"translation-block\">Our advanced extrusion technology allows us to produce elements <strong>with dimensions up to 1200 x 3000 mm<\/strong>, creating spectacular, energy-efficient facades that meet the requirements of architecture and design, with larger formats increasingly being chosen.<\/p>\t\t\t\t\t\t\t\t<\/div>\n\t\t\t\t<\/div>\n\t\t\t\t<\/div>\n\t\t<div class=\"elementor-element elementor-element-d32429c e-con-full e-flex e-con e-parent\" data-id=\"d32429c\" data-element_type=\"container\" data-settings=\"{&quot;background_background&quot;:&quot;classic&quot;}\">\n\t\t<div class=\"elementor-element elementor-element-675a980 e-con-full e-flex e-con e-child\" data-id=\"675a980\" data-element_type=\"container\" data-settings=\"{&quot;background_background&quot;:&quot;classic&quot;}\">\n\t\t\t\t<div class=\"elementor-element elementor-element-e4249e6 elementor-widget elementor-widget-heading\" data-id=\"e4249e6\" data-element_type=\"widget\" data-widget_type=\"heading.default\">\n\t\t\t\t\t<h3 class=\"elementor-heading-title elementor-size-default\">Formats<\/h3>\t\t\t\t<\/div>\n\t\t\t\t<div class=\"elementor-element elementor-element-438b438 elementor-widget elementor-widget-text-editor\" data-id=\"438b438\" data-element_type=\"widget\" data-widget_type=\"text-editor.default\">\n\t\t\t\t\t\t\t\t\t<p class=\"translation-block\">Our advanced extrusion technology allows us to produce elements <strong>with dimensions up to 1200 x 3000 mm<\/strong>, creating spectacular, energy-efficient facades that meet the requirements of architecture and design, with larger formats increasingly being chosen.<\/p>\t\t\t\t\t\t\t\t<\/div>\n\t\t\t\t<\/div>\n\t\t<div class=\"elementor-element elementor-element-b3acfef e-con-full e-flex e-con e-child\" data-id=\"b3acfef\" data-element_type=\"container\" data-settings=\"{&quot;background_background&quot;:&quot;classic&quot;}\">\n\t\t\t\t<\/div>\n\t\t\t\t<\/div>\n\t\t<div class=\"elementor-element elementor-element-e54c810 e-con-full e-flex e-con e-parent\" data-id=\"e54c810\" data-element_type=\"container\" id=\"PROJEKTY\" data-settings=\"{&quot;background_background&quot;:&quot;classic&quot;}\">\n\t\t\t\t<div class=\"elementor-element elementor-element-9869b89 elementor-widget elementor-widget-heading\" data-id=\"9869b89\" data-element_type=\"widget\" data-widget_type=\"heading.default\">\n\t\t\t\t\t<h2 class=\"elementor-heading-title elementor-size-default\">Designs of ventilated ceramic facades<\/h2>\t\t\t\t<\/div>\n\t\t\t\t<div class=\"elementor-element elementor-element-a0c811e elementor-widget elementor-widget-text-editor\" data-id=\"a0c811e\" data-element_type=\"widget\" data-widget_type=\"text-editor.default\">\n\t\t\t\t\t\t\t\t\t<p>From residential buildings to commercial and public complexes, our ventilated ceramic facade solutions offer exceptional aesthetics and the ability to adapt to any architectural style, helping to create buildings with a unique personality and character.<\/p>\t\t\t\t\t\t\t\t<\/div>\n\t\t\t\t<\/div>\n\t\t\t\t<\/div>","protected":false},"excerpt":{"rendered":"<p>Fasady wentylowane ELEMENTY NA ZAM\u00d3WIENIE CHARAKTERYSTYKA PROJEKT FORMATY PROJEKTY Ekstruzja, w s\u0142u\u017cbie projektowania i architektury Designerskie elementy, bry\u0142y, du\u017ce formaty, [&hellip;]<\/p>","protected":false},"author":1,"featured_media":0,"parent":0,"menu_order":0,"comment_status":"closed","ping_status":"closed","template":"","meta":{"site-sidebar-layout":"no-sidebar","site-content-layout":"","ast-site-content-layout":"full-width-container","site-content-style":"default","site-sidebar-style":"default","ast-global-header-display":"","ast-banner-title-visibility":"","ast-main-header-display":"","ast-hfb-above-header-display":"","ast-hfb-below-header-display":"","ast-hfb-mobile-header-display":"","site-post-title":"","ast-breadcrumbs-content":"","ast-featured-img":"disabled","footer-sml-layout":"","theme-transparent-header-meta":"","adv-header-id-meta":"","stick-header-meta":"","header-above-stick-meta":"","header-main-stick-meta":"","header-below-stick-meta":"","astra-migrate-meta-layouts":"default","ast-page-background-enabled":"default","ast-page-background-meta":{"desktop":{"background-color":"var(--ast-global-color-5)","background-image":"","background-repeat":"repeat","background-position":"center center","background-size":"auto","background-attachment":"scroll","background-type":"","background-media":"","overlay-type":"","overlay-color":"","overlay-opacity":"","overlay-gradient":""},"tablet":{"background-color":"","background-image":"","background-repeat":"repeat","background-position":"center center","background-size":"auto","background-attachment":"scroll","background-type":"","background-media":"","overlay-type":"","overlay-color":"","overlay-opacity":"","overlay-gradient":""},"mobile":{"background-color":"","background-image":"","background-repeat":"repeat","background-position":"center center","background-size":"auto","background-attachment":"scroll","background-type":"","background-media":"","overlay-type":"","overlay-color":"","overlay-opacity":"","overlay-gradient":""}},"ast-content-background-meta":{"desktop":{"background-color":"var(--ast-global-color-4)","background-image":"","background-repeat":"repeat","background-position":"center center","background-size":"auto","background-attachment":"scroll","background-type":"","background-media":"","overlay-type":"","overlay-color":"","overlay-opacity":"","overlay-gradient":""},"tablet":{"background-color":"var(--ast-global-color-4)","background-image":"","background-repeat":"repeat","background-position":"center center","background-size":"auto","background-attachment":"scroll","background-type":"","background-media":"","overlay-type":"","overlay-color":"","overlay-opacity":"","overlay-gradient":""},"mobile":{"background-color":"var(--ast-global-color-4)","background-image":"","background-repeat":"repeat","background-position":"center center","background-size":"auto","background-attachment":"scroll","background-type":"","background-media":"","overlay-type":"","overlay-color":"","overlay-opacity":"","overlay-gradient":""}},"footnotes":""},"class_list":["post-521","page","type-page","status-publish","hentry"],"yoast_head":"<!-- This site is optimized with the Yoast SEO Premium plugin v25.9 (Yoast SEO v26.0) - https:\/\/yoast.com\/wordpress\/plugins\/seo\/ -->\n<title>Elementy na zam\u00f3wienie - Favemanc<\/title>\n<meta name=\"description\" content=\"Oferujemy elementy ceramiczne projektowane pod wymiar \u2013 dostosowane do Twoich potrzeb architektonicznych i estetycznych.\" \/>\n<meta name=\"robots\" content=\"index, follow, max-snippet:-1, max-image-preview:large, max-video-preview:-1\" \/>\n<link rel=\"canonical\" href=\"https:\/\/favemanc.pl\/en\/elementy-na-zamowienie\/\" \/>\n<meta property=\"og:locale\" content=\"en_GB\" \/>\n<meta property=\"og:type\" content=\"article\" \/>\n<meta property=\"og:title\" content=\"Elementy na zam\u00f3wienie\" \/>\n<meta property=\"og:description\" content=\"Oferujemy elementy ceramiczne projektowane pod wymiar \u2013 dostosowane do Twoich potrzeb architektonicznych i estetycznych.\" \/>\n<meta property=\"og:url\" content=\"https:\/\/favemanc.pl\/en\/elementy-na-zamowienie\/\" \/>\n<meta property=\"og:site_name\" content=\"Favemanc\" \/>\n<meta property=\"article:modified_time\" content=\"2025-09-23T09:57:23+00:00\" \/>\n<meta name=\"twitter:card\" content=\"summary_large_image\" \/>\n<meta name=\"twitter:label1\" content=\"Estimated reading time\" \/>\n\t<meta name=\"twitter:data1\" content=\"1 minute\" \/>\n<script type=\"application\/ld+json\" class=\"yoast-schema-graph\">{\"@context\":\"https:\/\/schema.org\",\"@graph\":[{\"@type\":\"WebPage\",\"@id\":\"https:\/\/favemanc.pl\/elementy-na-zamowienie\/\",\"url\":\"https:\/\/favemanc.pl\/elementy-na-zamowienie\/\",\"name\":\"Elementy na zam\u00f3wienie - Favemanc\",\"isPartOf\":{\"@id\":\"https:\/\/favemanc.pl\/#website\"},\"datePublished\":\"2025-09-03T13:02:38+00:00\",\"dateModified\":\"2025-09-23T09:57:23+00:00\",\"description\":\"Oferujemy elementy ceramiczne projektowane pod wymiar \u2013 dostosowane do Twoich potrzeb architektonicznych i estetycznych.\",\"breadcrumb\":{\"@id\":\"https:\/\/favemanc.pl\/elementy-na-zamowienie\/#breadcrumb\"},\"inLanguage\":\"en-GB\",\"potentialAction\":[{\"@type\":\"ReadAction\",\"target\":[\"https:\/\/favemanc.pl\/elementy-na-zamowienie\/\"]}]},{\"@type\":\"BreadcrumbList\",\"@id\":\"https:\/\/favemanc.pl\/elementy-na-zamowienie\/#breadcrumb\",\"itemListElement\":[{\"@type\":\"ListItem\",\"position\":1,\"name\":\"Strona g\u0142\u00f3wna\",\"item\":\"https:\/\/favemanc.pl\/\"},{\"@type\":\"ListItem\",\"position\":2,\"name\":\"Elementy na zam\u00f3wienie\"}]},{\"@type\":\"WebSite\",\"@id\":\"https:\/\/favemanc.pl\/#website\",\"url\":\"https:\/\/favemanc.pl\/\",\"name\":\"Favemanc\",\"description\":\"\",\"publisher\":{\"@id\":\"https:\/\/favemanc.pl\/#organization\"},\"potentialAction\":[{\"@type\":\"SearchAction\",\"target\":{\"@type\":\"EntryPoint\",\"urlTemplate\":\"https:\/\/favemanc.pl\/?s={search_term_string}\"},\"query-input\":{\"@type\":\"PropertyValueSpecification\",\"valueRequired\":true,\"valueName\":\"search_term_string\"}}],\"inLanguage\":\"en-GB\"},{\"@type\":\"Organization\",\"@id\":\"https:\/\/favemanc.pl\/#organization\",\"name\":\"Favemanc\",\"url\":\"https:\/\/favemanc.pl\/\",\"logo\":{\"@type\":\"ImageObject\",\"inLanguage\":\"en-GB\",\"@id\":\"https:\/\/favemanc.pl\/#\/schema\/logo\/image\/\",\"url\":\"https:\/\/favemanc.pl\/wp-content\/uploads\/2025\/09\/LOGO-4-Bs-red.png\",\"contentUrl\":\"https:\/\/favemanc.pl\/wp-content\/uploads\/2025\/09\/LOGO-4-Bs-red.png\",\"width\":1000,\"height\":1000,\"caption\":\"Favemanc\"},\"image\":{\"@id\":\"https:\/\/favemanc.pl\/#\/schema\/logo\/image\/\"}}]}<\/script>\n<!-- \/ Yoast SEO Premium plugin. -->","yoast_head_json":{"title":"Elementy na zam\u00f3wienie - Favemanc","description":"Oferujemy elementy ceramiczne projektowane pod wymiar \u2013 dostosowane do Twoich potrzeb architektonicznych i estetycznych.","robots":{"index":"index","follow":"follow","max-snippet":"max-snippet:-1","max-image-preview":"max-image-preview:large","max-video-preview":"max-video-preview:-1"},"canonical":"https:\/\/favemanc.pl\/en\/elementy-na-zamowienie\/","og_locale":"en_GB","og_type":"article","og_title":"Elementy na zam\u00f3wienie","og_description":"Oferujemy elementy ceramiczne projektowane pod wymiar \u2013 dostosowane do Twoich potrzeb architektonicznych i estetycznych.","og_url":"https:\/\/favemanc.pl\/en\/elementy-na-zamowienie\/","og_site_name":"Favemanc","article_modified_time":"2025-09-23T09:57:23+00:00","twitter_card":"summary_large_image","twitter_misc":{"Estimated reading time":"1 minute"},"schema":{"@context":"https:\/\/schema.org","@graph":[{"@type":"WebPage","@id":"https:\/\/favemanc.pl\/elementy-na-zamowienie\/","url":"https:\/\/favemanc.pl\/elementy-na-zamowienie\/","name":"Elementy na zam\u00f3wienie - Favemanc","isPartOf":{"@id":"https:\/\/favemanc.pl\/#website"},"datePublished":"2025-09-03T13:02:38+00:00","dateModified":"2025-09-23T09:57:23+00:00","description":"Oferujemy elementy ceramiczne projektowane pod wymiar \u2013 dostosowane do Twoich potrzeb architektonicznych i estetycznych.","breadcrumb":{"@id":"https:\/\/favemanc.pl\/elementy-na-zamowienie\/#breadcrumb"},"inLanguage":"en-GB","potentialAction":[{"@type":"ReadAction","target":["https:\/\/favemanc.pl\/elementy-na-zamowienie\/"]}]},{"@type":"BreadcrumbList","@id":"https:\/\/favemanc.pl\/elementy-na-zamowienie\/#breadcrumb","itemListElement":[{"@type":"ListItem","position":1,"name":"Strona g\u0142\u00f3wna","item":"https:\/\/favemanc.pl\/"},{"@type":"ListItem","position":2,"name":"Elementy na zam\u00f3wienie"}]},{"@type":"WebSite","@id":"https:\/\/favemanc.pl\/#website","url":"https:\/\/favemanc.pl\/","name":"Favemanc","description":"","publisher":{"@id":"https:\/\/favemanc.pl\/#organization"},"potentialAction":[{"@type":"SearchAction","target":{"@type":"EntryPoint","urlTemplate":"https:\/\/favemanc.pl\/?s={search_term_string}"},"query-input":{"@type":"PropertyValueSpecification","valueRequired":true,"valueName":"search_term_string"}}],"inLanguage":"en-GB"},{"@type":"Organization","@id":"https:\/\/favemanc.pl\/#organization","name":"Favemanc","url":"https:\/\/favemanc.pl\/","logo":{"@type":"ImageObject","inLanguage":"en-GB","@id":"https:\/\/favemanc.pl\/#\/schema\/logo\/image\/","url":"https:\/\/favemanc.pl\/wp-content\/uploads\/2025\/09\/LOGO-4-Bs-red.png","contentUrl":"https:\/\/favemanc.pl\/wp-content\/uploads\/2025\/09\/LOGO-4-Bs-red.png","width":1000,"height":1000,"caption":"Favemanc"},"image":{"@id":"https:\/\/favemanc.pl\/#\/schema\/logo\/image\/"}}]}},"_links":{"self":[{"href":"https:\/\/favemanc.pl\/en\/wp-json\/wp\/v2\/pages\/521","targetHints":{"allow":["GET"]}}],"collection":[{"href":"https:\/\/favemanc.pl\/en\/wp-json\/wp\/v2\/pages"}],"about":[{"href":"https:\/\/favemanc.pl\/en\/wp-json\/wp\/v2\/types\/page"}],"author":[{"embeddable":true,"href":"https:\/\/favemanc.pl\/en\/wp-json\/wp\/v2\/users\/1"}],"replies":[{"embeddable":true,"href":"https:\/\/favemanc.pl\/en\/wp-json\/wp\/v2\/comments?post=521"}],"version-history":[{"count":0,"href":"https:\/\/favemanc.pl\/en\/wp-json\/wp\/v2\/pages\/521\/revisions"}],"wp:attachment":[{"href":"https:\/\/favemanc.pl\/en\/wp-json\/wp\/v2\/media?parent=521"}],"curies":[{"name":"wp","href":"https:\/\/api.w.org\/{rel}","templated":true}]}}